{"id":416,"date":"2019-02-01T15:38:57","date_gmt":"2019-02-01T14:38:57","guid":{"rendered":"http:\/\/rotaryguidonia.org\/?page_id=416"},"modified":"2019-03-20T12:23:49","modified_gmt":"2019-03-20T11:23:49","slug":"paul-harris","status":"publish","type":"page","link":"https:\/\/rotaryguidonia.org\/?page_id=416","title":{"rendered":"PAUL HARRIS"},"content":{"rendered":"\n<blockquote style=\"text-align:left\" class=\"wp-block-quote is-layout-flow wp-block-quote-is-layout-flow\"><p> Se il Rotary ci ha incoraggiato a considerare la vita e gli altri con  maggior benevolenza, se il Rotary ci ha insegnato ad essere pi\u00f9  tolleranti e a vedere sempre il meglio in ognuno, se il Rotary ci ha  permesso di creare contatti interessanti e utili con altri che a loro  volta stanno cercando di catturare e trasmettere la gioia e la bellezza  della vita, allora il Rotary ci ha dato tutto ci\u00f2 che possiamo  attenderci. <\/p><cite>Paul Harris &#8211; La Mia strada verso il Rotary<br><\/cite><\/blockquote>\n\n\n<p>L\u2019avvocato Paul Harris \u00e8 stato il fondatore del Rotary, il primo ed il pi\u00f9 internazionale dei \u201cservice club\u201d.<br>Nato a Racine, Wisconsin (USA), il 19 aprite 1868, Paul era il secondo dei sei figli di George N. Harris e di Cornelia Bryan Harris. All\u2019et\u00e0 di tre anni si trasfer\u00ec a Wallingford Vermont, affidato alle cure dei nonni paterni.<br>Sposato con Jean Thompson Harris (1881 1963) non ebbe figli.<br>Ha ricevuto una L.L.B, dall\u2019Universit\u00e0 dello Iowa ed una L.L.D, onoraria dall\u2019Universit\u00e0 dei Vermont.<br>Paul Harris si dedic\u00f2 a diversi lavori, cronista di un quotidiano, attore di una compagnia teatrale, cowboy e viaggi\u00f2 in lungo ed in largo per gli USA e l\u2019Europa vendendo marmi e graniti.<br>Nel 1896 si rec\u00f2 a Chicago per fare pratica in legge.<br>Una sera Paul si trov\u00f2 a visitare l\u2019abitazione in periferia di un collega di lavoro.<br>Dopo cena, mentre passeggiavano per il quartiere, l\u2019amico lo present\u00f2 a diversi commercianti ed artigiani del quartiere.<br>Fu qui che Paul concep\u00ec l\u2019idea di un club che fosse in grado di rinnovare lo spirito di amicizia tra uomini d\u2019affari di piccole comunit\u00e0 ed allargare le conoscenze professionali.<br><img decoding=\"async\" src=\"http:\/\/www.rotarycesena.it\/5Rotary\/05PresidentiETemi\/PrimiSociRotary.jpg\" alt=\"I quattro soci fondatori del Rotary Club\" vspace=\"5\" hspace=\"5\" border=\"0\" align=\"right\">Il 23 febbraio del 1905, in uno degli uffici dell\u2019 Unity Building ancora oggi esistente a Chicago e recentemente restaurato per ospitare i cimeli ed i ricordi dei soci fondatori, Paul form\u00f2 il primo club con altri tre uomini d\u2019affari: Silvester Schiele, commerciante di carbone: Gustav Loehr, ingegnere minerario, Hiram Shorey, sarto.<br>Paul Harris chiam\u00f2 il nuovo club \u201cRotary\u201d, poich\u00e9 i membri si riunivano a rotazione nei luoghi di lavoro o a casa degli altri soci.<br>Era questo un sistema che aveva lo scopo di far conoscere ad ogni socio l\u2019attivit\u00e0 degli altri.<br>I quattro soci fondatori erano di discendenza nazionale diversa (americana, tedesca, svedese e irlandese) ed appartenevano anche a fedi religiose diverse (protestante, cattolica ed ebraica).<br>Erano un prodotto di quel grande crogiolo che era ed \u00e8 l\u2019America e, sotto questo aspetto, erano i progenitori pi\u00f9 adatti a dar vita a quel grande movimento internazionale che sarebbe poi diventato il Rotary International.<br>Dopo l\u2019ammissione di un quinto socio, il tipografo Harry Ruggies, il gruppo prese ufficialmente il nome di Rotary Club di Chicago.<br>Paul Harris non volle assumere alcuna carica nel nuovo club e non ne divenne presidente se non due anni pi\u00f9 tardi.<br>La notizia della nuova organizzazione si diffuse rapidamente e ben presto il numero dei soci si increment\u00f2 a tal punto da rendere poco pratiche le riunioni negli uffici dei soci.<br>Nacque cos\u00ec l\u2019usanza di tenere le riunioni settimanali presso ristoranti o alberghi.<br>Presto Paul si convinse che il Rotary club avrebbe potuto trasformarsi in un importante movimento di servizio e si impegn\u00f2 per estendere li Rotary nelle altre citt\u00e0, poich\u00e9 egli non fu mai dell\u2019idea che il club di Chicago dovesse esistere unicamente allo scopo di favorire gli affari dei soci che ne facevano parte.<br>Egli credeva con tutto se stesso nei valori dell\u2019amicizia e fin dall\u2019inizio sper\u00f2 che in ambito civico il club avrebbe intrapreso delle iniziative di pi\u00f9 ampio respiro.<br>Nel 1907, due anni dopo la fondazione, fu varato il primo progetto in favore della collettivit\u00e0: la costruzione, nei pressi dei municipio, di, toilettes pubbliche: la prima infrastruttura del genere creata a Chicago.<br>Tre anni dopo la fondazione dei club di Chicago fu creato un secondo club a San Francisco e l\u2019anno seguente si aggiunsero all\u2019elenco altri tre club.<br>Nel 1910, sparsi in tutti gli Stati Uniti, c\u2019erano 16 club con oltre 1.500 soci.<br>I primi tentativi di Paul Harris di costituire un club fuori dai confini degli Stati Uniti furono coronati dalla fondazione d\u00ec quello di Winnipeg, in Canada, avvenuta nel 1911 dopo una lunga serie di approcci negativi.<br>Fu cos\u00ec che il Rotary divenne internazionale.<br>Il primo Rotary Club che venne costituito in un paese non di lingua inglese fu, nel 1916, quello cubano dell\u2019Avana, disciolto poi nel 1979.<br>Il Rotary cominciava quindi ad oltrepassare non solo i confini nazionali, ma anche le barriere linguistiche, senza tuttavia acquisire una dimensione veramente mondiale sino agli anni venti, allorch\u00e9 si diffuse in tutta l\u2019Europa continentale e raggiunse l\u2019America meridionale e centrale, l\u2019Africa, l\u2019Australia e l\u2019Asia.<br>Tale diffusione, attestata dall\u2019universalit\u00e0 dei sodalizio, ha provato e prova che i principi su cui esso si basa hanno ancora una vitalit\u00e0 cos\u00ec intensa ed esercitano un richiamo cos\u00ec forte da superare ogni differenza di razza, religione, lingua e nazionalit\u00e0.<br>Paul divenne celebre anche in altre attivit\u00e0 civiche e professionali.<br>Divenne il primo Presidente del consiglio di amministrazione della \u201cEaster Seal Society of Crippled Children and Adults\u201d e della \u201cInternational Society for Crippled Children\u201d (attualmente ribattezzata con il nome di Rehabilitation lnternational).<br>Divenne membro del consiglio di amministrazione della \u201cChicago Bar Association\u201d e delegato al Congresso Internazionale di Legge ad Hague, nonch\u00e9 membro di commissione dell\u2019 American Bar Association.<br>E\u2019 stato insignito del \u201cSilver Buffalo Award\u201d dall\u2019Associazione dei Boy Scouts d\u2019America per il suo impegno verso la giovent\u00f9 attraverso programmi culturali ed assistenziali ed \u00e8 stato decorato dai governi del Brasile, Cile, Repubblica Dominicana, Ecuador, Francia e Per\u00f9.<br>Paul mantenne il suo ufficio legale per tutta la durata della sua vita.<br>Viaggi\u00f2 moltissimo e fu invitato a parlare ai Rotariani in numerose \u201cConventions\u201d annuali, riunioni distrettuali e regionali.<br>Quando il Presidente emerito del Rotary International Paul Harris mori, il 27 gennaio 1947, il suo sogno era cresciuto da incontro informale di quattro uomini a circa 6.000 clubs sparsi in tutto il mondo.<br>Cinquanta anni dopo, nel 1997, il Rotary International contava l.193.681 membri, 28.284 clubs, 518 distretti sparsi in 155 paesi.<br><img decoding=\"async\" src=\"http:\/\/www.rotarycesena.it\/5Rotary\/00Immagini\/PaulHarrisFellow1.jpg\" alt=\"Paul Harris Fellow\" vspace=\"5\" hspace=\"5\" border=\"0\" align=\"right\">Nell\u2019ambito della Rotary Fondation \u00e8 stata creata la Paul Harris Fellow, la pi\u00f9 nota tra le forme di riconoscimento verso soci che si sono particolarmente distinti in opere di beneficenza e servizio.<br>Subito dopo la scomparsa di Paul Harris venne varato il primo programma di borse di studio della Fondazione Rotary dedicato al fondatore del sodalizio, il quale aveva tanto fermamente creduto all\u2019azione internazionale.<br>Per l\u2019anno scolastico 1947-48 furono dunque assegnate 18 borse di studio a studenti di sette paesi diversi (le borse di studio conferite sono di sei tipi: per laureati, per studenti universitari, per la formazione professionale, per il giornalismo, per insegnanti di handicappati e per la libert\u00e0 dalla fame).<br>Nella sua autobiografia \u201cMy Road to Rotary\u201d, Paul Harris paragona la potenza dei Rotary al corso di un fiume maestoso: \u201cIl grande fiume \u00e8 la somma totale dei contributi di centinaia, forse anche di migliaia di piccoli ruscelli che vi affluiscono dalle colline e dai monti, mormorando dolcemente, impazienti di tuffarsi nella sua corrente.<br>A questo si pu\u00f2 paragonare l\u2019espansione dei Rotary.<br>Esso \u00e8 diventato grande per la dedizione ed il contributo di migliaia di rotariani di tanti paesi.<\/p>","protected":false},"excerpt":{"rendered":"<p>Se il Rotary ci ha incoraggiato a considerare la vita e gli altri con maggior benevolenza, se il Rotary ci<\/p>\n","protected":false},"author":1,"featured_media":0,"parent":414,"menu_order":0,"comment_status":"closed","ping_status":"closed","template":"","meta":{"colormag_page_container_layout":"default_layout","colormag_page_sidebar_layout":"default_layout","_monsterinsights_skip_tracking":false,"_monsterinsights_sitenote_active":false,"_monsterinsights_sitenote_note":"","_monsterinsights_sitenote_category":0,"footnotes":""},"class_list":["post-416","page","type-page","status-publish","hentry"],"_links":{"self":[{"href":"https:\/\/rotaryguidonia.org\/index.php?rest_route=\/wp\/v2\/pages\/416","targetHints":{"allow":["GET"]}}],"collection":[{"href":"https:\/\/rotaryguidonia.org\/index.php?rest_route=\/wp\/v2\/pages"}],"about":[{"href":"https:\/\/rotaryguidonia.org\/index.php?rest_route=\/wp\/v2\/types\/page"}],"author":[{"embeddable":true,"href":"https:\/\/rotaryguidonia.org\/index.php?rest_route=\/wp\/v2\/users\/1"}],"replies":[{"embeddable":true,"href":"https:\/\/rotaryguidonia.org\/index.php?rest_route=%2Fwp%2Fv2%2Fcomments&post=416"}],"version-history":[{"count":4,"href":"https:\/\/rotaryguidonia.org\/index.php?rest_route=\/wp\/v2\/pages\/416\/revisions"}],"predecessor-version":[{"id":712,"href":"https:\/\/rotaryguidonia.org\/index.php?rest_route=\/wp\/v2\/pages\/416\/revisions\/712"}],"up":[{"embeddable":true,"href":"https:\/\/rotaryguidonia.org\/index.php?rest_route=\/wp\/v2\/pages\/414"}],"wp:attachment":[{"href":"https:\/\/rotaryguidonia.org\/index.php?rest_route=%2Fwp%2Fv2%2Fmedia&parent=416"}],"curies":[{"name":"wp","href":"https:\/\/api.w.org\/{rel}","templated":true}]}}